{"id":118,"date":"2021-03-06T12:03:29","date_gmt":"2021-03-06T12:03:29","guid":{"rendered":"https:\/\/pragdicam.usal.es\/?page_id=118"},"modified":"2023-10-16T08:56:36","modified_gmt":"2023-10-16T08:56:36","slug":"actividades","status":"publish","type":"page","link":"https:\/\/pragdicam.usal.es\/en\/actividades\/","title":{"rendered":"Activities"},"content":{"rendered":"<p><span style=\"font-family: georgia, palatino, serif;font-size: 18pt\"><a href=\"https:\/\/pragdicam.usal.es\/actividades\/workshop-fronteras-en-cuestion-sintaxis-y-discurso-en-las-lenguas-clasicas\/\">Workshop &#8211; &#8220;Fronteras en cuesti\u00f3n: sintaxis y discurso en las lenguas cl\u00e1sicas&#8221;<\/a><\/span><\/p>\n<p><span style=\"font-family: georgia, palatino, serif;font-size: 18pt\"><a href=\"https:\/\/pragdicam.usal.es\/actividades\/workshops-humanidades-digitales-y-diacronia-de-la-lengua-griega-y-teoria-de-la-gramaticalizacion-y-funciones-del-discurso\/\">Workshops &#8211;\u00a0\u201cHumanidades digitales y diacron\u00eda de la lengua griega&#8221; y &#8220;Teor\u00eda de la gramaticalizaci\u00f3n y funciones del discurso&#8221;<\/a><\/span><\/p>","protected":false},"excerpt":{"rendered":"<p>Workshop &#8211; &#8220;Fronteras en cuesti\u00f3n: sintaxis y discurso en las lenguas cl\u00e1sicas&#8221; Workshops &#8211;\u00a0\u201cHumanidades digitales y diacron\u00eda de la lengua griega&#8221; y &#8220;Teor\u00eda de la gramaticalizaci\u00f3n y funciones del discurso&#8221;<\/p>\n","protected":false},"author":71,"featured_media":179,"parent":0,"menu_order":0,"comment_status":"closed","ping_status":"closed","template":"","meta":{"footnotes":""},"class_list":["post-118","page","type-page","status-publish","has-post-thumbnail","hentry"],"aioseo_notices":[],"_links":{"self":[{"href":"https:\/\/pragdicam.usal.es\/en\/wp-json\/wp\/v2\/pages\/118","targetHints":{"allow":["GET"]}}],"collection":[{"href":"https:\/\/pragdicam.usal.es\/en\/wp-json\/wp\/v2\/pages"}],"about":[{"href":"https:\/\/pragdicam.usal.es\/en\/wp-json\/wp\/v2\/types\/page"}],"author":[{"embeddable":true,"href":"https:\/\/pragdicam.usal.es\/en\/wp-json\/wp\/v2\/users\/71"}],"replies":[{"embeddable":true,"href":"https:\/\/pragdicam.usal.es\/en\/wp-json\/wp\/v2\/comments?post=118"}],"version-history":[{"count":8,"href":"https:\/\/pragdicam.usal.es\/en\/wp-json\/wp\/v2\/pages\/118\/revisions"}],"predecessor-version":[{"id":191,"href":"https:\/\/pragdicam.usal.es\/en\/wp-json\/wp\/v2\/pages\/118\/revisions\/191"}],"wp:featuredmedia":[{"embeddable":true,"href":"https:\/\/pragdicam.usal.es\/en\/wp-json\/wp\/v2\/media\/179"}],"wp:attachment":[{"href":"https:\/\/pragdicam.usal.es\/en\/wp-json\/wp\/v2\/media?parent=118"}],"curies":[{"name":"wp","href":"https:\/\/api.w.org\/{rel}","templated":true}]}}