{"id":124,"date":"2021-03-11T22:37:57","date_gmt":"2021-03-11T22:37:57","guid":{"rendered":"https:\/\/pragdicam.usal.es\/?page_id=124"},"modified":"2021-10-28T13:19:19","modified_gmt":"2021-10-28T13:19:19","slug":"workshop-fronteras-en-cuestion-sintaxis-y-discurso-en-las-lenguas-clasicas","status":"publish","type":"page","link":"https:\/\/pragdicam.usal.es\/en\/actividades\/workshop-fronteras-en-cuestion-sintaxis-y-discurso-en-las-lenguas-clasicas\/","title":{"rendered":"Fronteras en cuesti\u00f3n: sintaxis y discurso en las lenguas cl\u00e1sicas"},"content":{"rendered":"<p><span style=\"font-size: 12pt\">PRAGDICAM project presentation and workshop at the University of Salamanca.<\/span><\/p>\n<p><span style=\"font-size: 12pt\">Talks:<\/span><\/p>\n<ul>\n<li style=\"list-style-type: none\">\n<ul>\n<li><span style=\"font-size: 12pt\">Alberto Pardal (USal): Introducci\u00f3n y Pragmaticalizaci\u00f3n de verbos de experiencia<\/span><\/li>\n<li><span style=\"font-size: 12pt\">Rodrigo Verano (UAM): Verbos de lengua y funciones del discurso en griego antiguo<\/span><\/li>\n<li><span style=\"font-size: 12pt\">Eveling Garz\u00f3n (UAM): Los disjuntos y las construcciones nominalizadas<\/span><\/li>\n<li><span style=\"font-size: 12pt\">Berta Gonz\u00e1lez (UCM): Los l\u00edmites de la anotaci\u00f3n de corpus<\/span><\/li>\n<\/ul>\n<\/li>\n<\/ul>\n<p><span style=\"font-size: 12pt\">Date: 19 de marzo de 2021<\/span><br \/>\n<span style=\"font-size: 12pt\">Time: 11:30<\/span><br \/>\n<span style=\"font-size: 12pt\">Place: A-26 (Anayita building of the Facultad de Filolog\u00eda)<\/span><\/p>\n<p><span style=\"font-size: 12pt\">In order to satisfy the security mesures, we beg those interested in attending to write Alberto Pardal (<a href=\"mailto:pardal@usal.es\">pardal@usal.es<\/a>)<\/span><\/p>","protected":false},"excerpt":{"rendered":"<p>PRAGDICAM project presentation and workshop at the University of Salamanca. Talks: Alberto Pardal (USal): Introducci\u00f3n y Pragmaticalizaci\u00f3n de verbos de experiencia Rodrigo Verano (UAM): Verbos de lengua y funciones del discurso en griego antiguo Eveling Garz\u00f3n (UAM): Los disjuntos y las construcciones nominalizadas Berta Gonz\u00e1lez (UCM): Los l\u00edmites de la anotaci\u00f3n de corpus Date: 19 &hellip; <\/p>\n<p class=\"link-more\"><a href=\"https:\/\/pragdicam.usal.es\/en\/actividades\/workshop-fronteras-en-cuestion-sintaxis-y-discurso-en-las-lenguas-clasicas\/\" class=\"more-link\">Continue reading<span class=\"screen-reader-text\"> &#8220;Fronteras en cuesti\u00f3n: sintaxis y discurso en las lenguas cl\u00e1sicas&#8221;<\/span><\/a><\/p>\n","protected":false},"author":71,"featured_media":0,"parent":118,"menu_order":0,"comment_status":"closed","ping_status":"closed","template":"","meta":{"footnotes":""},"class_list":["post-124","page","type-page","status-publish","hentry"],"aioseo_notices":[],"_links":{"self":[{"href":"https:\/\/pragdicam.usal.es\/en\/wp-json\/wp\/v2\/pages\/124","targetHints":{"allow":["GET"]}}],"collection":[{"href":"https:\/\/pragdicam.usal.es\/en\/wp-json\/wp\/v2\/pages"}],"about":[{"href":"https:\/\/pragdicam.usal.es\/en\/wp-json\/wp\/v2\/types\/page"}],"author":[{"embeddable":true,"href":"https:\/\/pragdicam.usal.es\/en\/wp-json\/wp\/v2\/users\/71"}],"replies":[{"embeddable":true,"href":"https:\/\/pragdicam.usal.es\/en\/wp-json\/wp\/v2\/comments?post=124"}],"version-history":[{"count":4,"href":"https:\/\/pragdicam.usal.es\/en\/wp-json\/wp\/v2\/pages\/124\/revisions"}],"predecessor-version":[{"id":141,"href":"https:\/\/pragdicam.usal.es\/en\/wp-json\/wp\/v2\/pages\/124\/revisions\/141"}],"up":[{"embeddable":true,"href":"https:\/\/pragdicam.usal.es\/en\/wp-json\/wp\/v2\/pages\/118"}],"wp:attachment":[{"href":"https:\/\/pragdicam.usal.es\/en\/wp-json\/wp\/v2\/media?parent=124"}],"curies":[{"name":"wp","href":"https:\/\/api.w.org\/{rel}","templated":true}]}}