{"id":132,"date":"2021-07-20T12:40:15","date_gmt":"2021-07-20T12:40:15","guid":{"rendered":"https:\/\/pragdicam.usal.es\/?page_id=132"},"modified":"2021-10-28T13:21:55","modified_gmt":"2021-10-28T13:21:55","slug":"workshops-humanidades-digitales-y-diacronia-de-la-lengua-griega-y-teoria-de-la-gramaticalizacion-y-funciones-del-discurso","status":"publish","type":"page","link":"https:\/\/pragdicam.usal.es\/en\/actividades\/workshops-humanidades-digitales-y-diacronia-de-la-lengua-griega-y-teoria-de-la-gramaticalizacion-y-funciones-del-discurso\/","title":{"rendered":"Workshops: \u201cHumanidades Digitales y Diacron\u00eda de la Lengua Griega\u201d and \u201cTeor\u00eda de la Gramaticalizaci\u00f3n y Funciones del Discurso\u201d."},"content":{"rendered":"<p><span style=\"font-size: 12pt\">PRAGDICAM project presentation and workshop at the Universidad Aut\u00f3noma de Madrid.<\/span><\/p>\n<p>The activity is divided into two workshop<\/p>\n<p>April 22 2021 &#8211; \u201cHumanidades Digitales y Diacron\u00eda de la Lengua Griega\u201d (&#8220;Digital Humanities and Dichrony of the Greek language&#8221;<\/p>\n<p>Speakers:<\/p>\n<ul>\n<li>Berta Gonz\u00e1lez: Historia de la anotaci\u00f3n de corpus para las lenguas cl\u00e1sicas.<\/li>\n<li>Cristina Tur: M\u00e1s all\u00e1 de los treebanks: algunas t\u00e9cnicas de procesamiento del lenguaje natural aplicadas al griego antiguo.<\/li>\n<\/ul>\n<p>April 23 2021 &#8211; \u201cTeor\u00eda de la Gramaticalizaci\u00f3n y Funciones del Discurso\u201d (&#8220;Grammaticalization theory and Discourse functions&#8221;)<\/p>\n<p>Speakers:<\/p>\n<ul>\n<li>Alberto Pardal: Pragmaticalizaci\u00f3n de verbos de experiencia: \u03bf\u1f36\u03bc\u03b1\u03b9 y \u03b4\u03bf\u03ba\u03b5\u1fd6<\/li>\n<li>Eveling Garz\u00f3n: Construcciones nominalizadas: expresi\u00f3n de la modalidad y comentario metadiscursivo<\/li>\n<\/ul>\n<p>These activities are part of the class\u00a0<em>Aspectos diacr\u00f3nicos del griego <\/em>from the\u00a0M\u00e1ster Universitario en Filolog\u00eda Cl\u00e1sica (UCM-UAM-UAH).<\/p>","protected":false},"excerpt":{"rendered":"<p>PRAGDICAM project presentation and workshop at the Universidad Aut\u00f3noma de Madrid. The activity is divided into two workshop April 22 2021 &#8211; \u201cHumanidades Digitales y Diacron\u00eda de la Lengua Griega\u201d (&#8220;Digital Humanities and Dichrony of the Greek language&#8221; Speakers: Berta Gonz\u00e1lez: Historia de la anotaci\u00f3n de corpus para las lenguas cl\u00e1sicas. Cristina Tur: M\u00e1s all\u00e1 &hellip; <\/p>\n<p class=\"link-more\"><a href=\"https:\/\/pragdicam.usal.es\/en\/actividades\/workshops-humanidades-digitales-y-diacronia-de-la-lengua-griega-y-teoria-de-la-gramaticalizacion-y-funciones-del-discurso\/\" class=\"more-link\">Continue reading<span class=\"screen-reader-text\"> &#8220;Workshops: \u201cHumanidades Digitales y Diacron\u00eda de la Lengua Griega\u201d and \u201cTeor\u00eda de la Gramaticalizaci\u00f3n y Funciones del Discurso\u201d.&#8221;<\/span><\/a><\/p>\n","protected":false},"author":71,"featured_media":0,"parent":118,"menu_order":0,"comment_status":"closed","ping_status":"closed","template":"","meta":{"footnotes":""},"class_list":["post-132","page","type-page","status-publish","hentry"],"aioseo_notices":[],"_links":{"self":[{"href":"https:\/\/pragdicam.usal.es\/en\/wp-json\/wp\/v2\/pages\/132","targetHints":{"allow":["GET"]}}],"collection":[{"href":"https:\/\/pragdicam.usal.es\/en\/wp-json\/wp\/v2\/pages"}],"about":[{"href":"https:\/\/pragdicam.usal.es\/en\/wp-json\/wp\/v2\/types\/page"}],"author":[{"embeddable":true,"href":"https:\/\/pragdicam.usal.es\/en\/wp-json\/wp\/v2\/users\/71"}],"replies":[{"embeddable":true,"href":"https:\/\/pragdicam.usal.es\/en\/wp-json\/wp\/v2\/comments?post=132"}],"version-history":[{"count":3,"href":"https:\/\/pragdicam.usal.es\/en\/wp-json\/wp\/v2\/pages\/132\/revisions"}],"predecessor-version":[{"id":142,"href":"https:\/\/pragdicam.usal.es\/en\/wp-json\/wp\/v2\/pages\/132\/revisions\/142"}],"up":[{"embeddable":true,"href":"https:\/\/pragdicam.usal.es\/en\/wp-json\/wp\/v2\/pages\/118"}],"wp:attachment":[{"href":"https:\/\/pragdicam.usal.es\/en\/wp-json\/wp\/v2\/media?parent=132"}],"curies":[{"name":"wp","href":"https:\/\/api.w.org\/{rel}","templated":true}]}}