{"id":189,"date":"2023-10-16T08:54:51","date_gmt":"2023-10-16T08:54:51","guid":{"rendered":"https:\/\/pragdicam.usal.es\/?page_id=189"},"modified":"2023-10-16T09:05:14","modified_gmt":"2023-10-16T09:05:14","slug":"workshop-sintaxis-y-discurso-en-lenguas-clasicas","status":"publish","type":"page","link":"https:\/\/pragdicam.usal.es\/en\/actividades\/workshop-sintaxis-y-discurso-en-lenguas-clasicas\/","title":{"rendered":"Workshop: &#8220;Sintaxis y discurso en lenguas cl\u00e1sicas&#8221;"},"content":{"rendered":"<p><span style=\"font-size: 12pt;\">PRAGDICAM project presentation and workshop at the Universidad Complutense de Madrid.<\/span><\/p>\n<ul>\n<li>Alberto Pardal: Introducci\u00f3n \u2013 De verbos de experiencia a marcadores de modalidad<\/li>\n<li>Berta Gonz\u00e1lez: Retos de anotaci\u00f3n de los marcadores discursivos<\/li>\n<li>Eveling Garz\u00f3n: Comentarios sobre la modalidad y la enunciaci\u00f3n: expresi\u00f3n con nombres deverbales en lat\u00edn<\/li>\n<li>Rodrigo Verano: Pragmaticalizaci\u00f3n de verbos de lengua en griego antiguo<\/li>\n<\/ul>\n<p>These activities are part of the class\u00a0<em>Sintaxis griega <\/em>from the Doble grado en Filolog\u00eda Cl\u00e1sica e Historia (UCM).<\/p>","protected":false},"excerpt":{"rendered":"<p>PRAGDICAM project presentation and workshop at the Universidad Complutense de Madrid. Alberto Pardal: Introducci\u00f3n \u2013 De verbos de experiencia a marcadores de modalidad Berta Gonz\u00e1lez: Retos de anotaci\u00f3n de los marcadores discursivos Eveling Garz\u00f3n: Comentarios sobre la modalidad y la enunciaci\u00f3n: expresi\u00f3n con nombres deverbales en lat\u00edn Rodrigo Verano: Pragmaticalizaci\u00f3n de verbos de lengua en &hellip; <\/p>\n<p class=\"link-more\"><a href=\"https:\/\/pragdicam.usal.es\/en\/actividades\/workshop-sintaxis-y-discurso-en-lenguas-clasicas\/\" class=\"more-link\">Continue reading<span class=\"screen-reader-text\"> &#8220;Workshop: &#8220;Sintaxis y discurso en lenguas cl\u00e1sicas&#8221;&#8221;<\/span><\/a><\/p>\n","protected":false},"author":71,"featured_media":0,"parent":118,"menu_order":0,"comment_status":"closed","ping_status":"closed","template":"","meta":{"footnotes":""},"class_list":["post-189","page","type-page","status-publish","hentry"],"aioseo_notices":[],"_links":{"self":[{"href":"https:\/\/pragdicam.usal.es\/en\/wp-json\/wp\/v2\/pages\/189","targetHints":{"allow":["GET"]}}],"collection":[{"href":"https:\/\/pragdicam.usal.es\/en\/wp-json\/wp\/v2\/pages"}],"about":[{"href":"https:\/\/pragdicam.usal.es\/en\/wp-json\/wp\/v2\/types\/page"}],"author":[{"embeddable":true,"href":"https:\/\/pragdicam.usal.es\/en\/wp-json\/wp\/v2\/users\/71"}],"replies":[{"embeddable":true,"href":"https:\/\/pragdicam.usal.es\/en\/wp-json\/wp\/v2\/comments?post=189"}],"version-history":[{"count":3,"href":"https:\/\/pragdicam.usal.es\/en\/wp-json\/wp\/v2\/pages\/189\/revisions"}],"predecessor-version":[{"id":199,"href":"https:\/\/pragdicam.usal.es\/en\/wp-json\/wp\/v2\/pages\/189\/revisions\/199"}],"up":[{"embeddable":true,"href":"https:\/\/pragdicam.usal.es\/en\/wp-json\/wp\/v2\/pages\/118"}],"wp:attachment":[{"href":"https:\/\/pragdicam.usal.es\/en\/wp-json\/wp\/v2\/media?parent=189"}],"curies":[{"name":"wp","href":"https:\/\/api.w.org\/{rel}","templated":true}]}}