{"id":6,"date":"2017-03-15T11:29:11","date_gmt":"2017-03-15T11:29:11","guid":{"rendered":"http:\/\/sal.default.usal.es\/?page_id=2"},"modified":"2021-10-28T14:18:45","modified_gmt":"2021-10-28T14:18:45","slug":"pagina-ejemplo-2","status":"publish","type":"page","link":"https:\/\/pragdicam.usal.es\/en\/","title":{"rendered":"Home"},"content":{"rendered":"<p><\/p>\n<p style=\"text-align: center\"><strong><span style=\"font-family: georgia, palatino, serif;font-size: 24pt\">PRAGDICAM<\/span><\/strong><\/p>\n<p style=\"text-align: center\"><span style=\"font-size: 14pt\">Pragmaticalizaci\u00f3n de verbos de dicci\u00f3n y actividad mental en griego antiguo y lat\u00edn<\/span><\/p>\n<p style=\"text-align: center\"><span style=\"font-size: 14pt\">Pragmaticalization of speech and thought verbs in ancient Greek and Latin<\/span><\/p>\n<p style=\"text-align: center\"><span style=\"font-family: georgia, palatino, serif;font-size: 14pt\">Funded by the BBVA Foundation via the Logos Program<br \/>\n(Research Grants for the Classical Studies area)<\/span><\/p>\n<p>&nbsp;<\/p>\n<p style=\"text-align: center\"><img loading=\"lazy\" decoding=\"async\" class=\"size-medium wp-image-111 alignleft\" src=\"https:\/\/pragdicam.usal.es\/wp-content\/uploads\/sites\/65\/2021\/03\/Fundacion-BBVA_principal-300x95.jpg\" alt=\"\" width=\"300\" height=\"95\" srcset=\"https:\/\/pragdicam.usal.es\/wp-content\/uploads\/sites\/65\/2021\/03\/Fundacion-BBVA_principal-300x95.jpg 300w, https:\/\/pragdicam.usal.es\/wp-content\/uploads\/sites\/65\/2021\/03\/Fundacion-BBVA_principal-768x242.jpg 768w, https:\/\/pragdicam.usal.es\/wp-content\/uploads\/sites\/65\/2021\/03\/Fundacion-BBVA_principal.jpg 1000w\" sizes=\"auto, (max-width: 300px) 100vw, 300px\" \/> <img loading=\"lazy\" decoding=\"async\" class=\"size-medium wp-image-112 alignright\" src=\"https:\/\/pragdicam.usal.es\/wp-content\/uploads\/sites\/65\/2021\/03\/Recurso-4-300x300.jpg\" alt=\"\" width=\"300\" height=\"300\" srcset=\"https:\/\/pragdicam.usal.es\/wp-content\/uploads\/sites\/65\/2021\/03\/Recurso-4-300x300.jpg 300w, https:\/\/pragdicam.usal.es\/wp-content\/uploads\/sites\/65\/2021\/03\/Recurso-4-1022x1024.jpg 1022w, https:\/\/pragdicam.usal.es\/wp-content\/uploads\/sites\/65\/2021\/03\/Recurso-4-150x150.jpg 150w, https:\/\/pragdicam.usal.es\/wp-content\/uploads\/sites\/65\/2021\/03\/Recurso-4-768x770.jpg 768w, https:\/\/pragdicam.usal.es\/wp-content\/uploads\/sites\/65\/2021\/03\/Recurso-4-1200x1203.jpg 1200w, https:\/\/pragdicam.usal.es\/wp-content\/uploads\/sites\/65\/2021\/03\/Recurso-4.jpg 1353w\" sizes=\"auto, (max-width: 300px) 100vw, 300px\" \/><\/p>\n<p><\/p>","protected":false},"excerpt":{"rendered":"<p>PRAGDICAM Pragmaticalizaci\u00f3n de verbos de dicci\u00f3n y actividad mental en griego antiguo y lat\u00edn Pragmaticalization of speech and thought verbs in ancient Greek and Latin Funded by the BBVA Foundation via the Logos Program (Research Grants for the Classical Studies area) &nbsp;<\/p>\n","protected":false},"author":1,"featured_media":0,"parent":0,"menu_order":0,"comment_status":"closed","ping_status":"open","template":"","meta":{"footnotes":""},"class_list":["post-6","page","type-page","status-publish","hentry"],"aioseo_notices":[],"_links":{"self":[{"href":"https:\/\/pragdicam.usal.es\/en\/wp-json\/wp\/v2\/pages\/6","targetHints":{"allow":["GET"]}}],"collection":[{"href":"https:\/\/pragdicam.usal.es\/en\/wp-json\/wp\/v2\/pages"}],"about":[{"href":"https:\/\/pragdicam.usal.es\/en\/wp-json\/wp\/v2\/types\/page"}],"author":[{"embeddable":true,"href":"https:\/\/pragdicam.usal.es\/en\/wp-json\/wp\/v2\/users\/1"}],"replies":[{"embeddable":true,"href":"https:\/\/pragdicam.usal.es\/en\/wp-json\/wp\/v2\/comments?post=6"}],"version-history":[{"count":5,"href":"https:\/\/pragdicam.usal.es\/en\/wp-json\/wp\/v2\/pages\/6\/revisions"}],"predecessor-version":[{"id":169,"href":"https:\/\/pragdicam.usal.es\/en\/wp-json\/wp\/v2\/pages\/6\/revisions\/169"}],"wp:attachment":[{"href":"https:\/\/pragdicam.usal.es\/en\/wp-json\/wp\/v2\/media?parent=6"}],"curies":[{"name":"wp","href":"https:\/\/api.w.org\/{rel}","templated":true}]}}